{"id":269,"date":"2026-01-09T21:23:21","date_gmt":"2026-01-09T21:23:21","guid":{"rendered":"https:\/\/abramomakeoverstyle.com\/?page_id=269"},"modified":"2026-01-09T23:18:43","modified_gmt":"2026-01-09T23:18:43","slug":"pronota-appuntamento","status":"publish","type":"page","link":"https:\/\/abramomakeoverstyle.com\/tr\/pronota-appuntamento\/","title":{"rendered":"Randevu Al\u0131n"},"content":{"rendered":"<div class=\"wp-block-buttons is-content-justification-center is-layout-flex wp-container-core-buttons-is-layout-16018d1d wp-block-buttons-is-layout-flex\" style=\"border-style:none;border-width:0px;border-top-left-radius:0px;border-top-right-radius:0px;border-bottom-left-radius:0px;border-bottom-right-radius:0px\">\n<div class=\"wp-block-button is-style-outline is-style-outline--1\"><a class=\"wp-block-button__link has-theme-palette-1-color has-theme-palette-2-background-color has-text-color has-background has-link-color has-medium-font-size has-custom-font-size wp-element-button\" href=\"https:\/\/abramomakeoverstyle.com\/tr\/taglio\/\" rel=\"<div class=&quot;hydra-booking-embed-container&quot; data-url=&quot;https:\/\/abramomakeoverstyle.com&quot; data-meeting-id=&quot;2&quot;&gt;<\/div&gt; <script src=&quot;https:\/\/abramomakeoverstyle.com\/wp-content\/plugins\/hydra-booking\/assets\/app\/js\/widget.js&quot;&gt;<\/script&gt;\">Kesim<\/a><\/div><div class=\"wp-block-button is-style-outline is-style-outline--2\"><a class=\"wp-block-button__link has-theme-palette-1-color has-theme-palette-2-background-color has-text-color has-background has-link-color has-medium-font-size has-custom-font-size wp-element-button\" href=\"https:\/\/abramomakeoverstyle.com\/tr\/fon\/\">F\u00f6n <\/a><\/div>\n\n\n\n<div class=\"wp-block-button is-style-outline is-style-outline--3\"><a class=\"wp-block-button__link has-theme-palette-1-color has-theme-palette-2-background-color has-text-color has-background has-link-color has-medium-font-size has-custom-font-size wp-element-button\" href=\"https:\/\/abramomakeoverstyle.com\/tr\/kirik-fon\/\">k\u0131r\u0131k f\u00f6n <\/a><\/div>\n\n\n\n<div class=\"wp-block-button is-style-outline is-style-outline--4\"><a class=\"wp-block-button__link has-theme-palette-1-color has-theme-palette-2-background-color has-text-color has-background has-link-color has-medium-font-size has-custom-font-size wp-element-button\" href=\"https:\/\/abramomakeoverstyle.com\/tr\/colore\/\">Renk<\/a><\/div>\n\n\n\n<div class=\"wp-block-button is-style-outline is-style-outline--5\"><a class=\"wp-block-button__link has-theme-palette-1-color has-theme-palette-2-background-color has-text-color has-background has-link-color has-medium-font-size has-custom-font-size wp-element-button\" href=\"https:\/\/abramomakeoverstyle.com\/tr\/ombre\/\">Ombre<\/a><\/div>\n\n\n\n<div class=\"wp-block-button is-style-outline is-style-outline--6\"><a class=\"wp-block-button__link has-theme-palette-1-color has-theme-palette-2-background-color has-text-color has-background has-link-color has-medium-font-size has-custom-font-size wp-element-button\" href=\"https:\/\/abramomakeoverstyle.com\/tr\/manikur\/\">Manik\u00fcr<\/a><\/div>\n\n\n\n<div class=\"wp-block-button is-style-outline is-style-outline--7\"><a class=\"wp-block-button__link has-theme-palette-1-color has-theme-palette-2-background-color has-text-color has-background has-link-color has-medium-font-size has-custom-font-size wp-element-button\" href=\"https:\/\/abramomakeoverstyle.com\/tr\/pedicure\/\">Pedik\u00fcr<\/a><\/div>\n\n\n\n<div class=\"wp-block-button is-style-outline is-style-outline--8\"><a class=\"wp-block-button__link has-theme-palette-1-color has-theme-palette-2-background-color has-text-color has-background has-link-color has-medium-font-size has-custom-font-size wp-element-button\" href=\"https:\/\/abramomakeoverstyle.com\/tr\/agda\/\">Ceretta<\/a><\/div>\n\n\n\n<div class=\"wp-block-button is-style-outline is-style-outline--9\"><a class=\"wp-block-button__link has-theme-palette-1-color has-theme-palette-2-background-color has-text-color has-background has-link-color has-medium-font-size has-custom-font-size wp-element-button\" href=\"https:\/\/abramomakeoverstyle.com\/tr\/masa\/\">Ma\u015fa<\/a><\/div>\n\n\n\n<div class=\"wp-block-button is-style-outline is-style-outline--10\"><a class=\"wp-block-button__link has-theme-palette-1-color has-theme-palette-2-background-color has-text-color has-background has-link-color has-medium-font-size has-custom-font-size wp-element-button\" href=\"https:\/\/abramomakeoverstyle.com\/tr\/topuz\/\">topuz<\/a><\/div>\n\n\n\n<div class=\"wp-block-button is-style-outline is-style-outline--11\"><a class=\"wp-block-button__link has-theme-palette-1-color has-theme-palette-2-background-color has-text-color has-background has-link-color has-medium-font-size has-custom-font-size wp-element-button\" href=\"https:\/\/abramomakeoverstyle.com\/tr\/perma\/\">perma<\/a><\/div>\n\n\n\n<div class=\"wp-block-button is-style-outline is-style-outline--12\"><a class=\"wp-block-button__link has-theme-palette-1-color has-theme-palette-2-background-color has-text-color has-background has-link-color has-medium-font-size has-custom-font-size wp-element-button\" href=\"https:\/\/abramomakeoverstyle.com\/tr\/keratin-bakim\/\">keratin<\/a><\/div>\n\n\n\n<div class=\"wp-block-button is-style-outline is-style-outline--13\"><a class=\"wp-block-button__link has-theme-palette-1-color has-theme-palette-2-background-color has-text-color has-background has-link-color has-medium-font-size has-custom-font-size wp-element-button\" href=\"https:\/\/abramomakeoverstyle.com\/tr\/botox-bakim\/\">Botox<\/a><\/div>\n\n\n\n<div class=\"wp-block-button is-style-outline is-style-outline--14\"><a class=\"wp-block-button__link has-theme-palette-1-color has-theme-palette-2-background-color has-text-color has-background has-link-color has-medium-font-size has-custom-font-size wp-element-button\" href=\"https:\/\/abramomakeoverstyle.com\/tr\/kalici-fon\/\">Permanente capelli lisci<\/a><\/div>\n\n\n\n<div class=\"wp-block-button is-style-outline is-style-outline--15\"><a class=\"wp-block-button__link has-theme-palette-1-color has-theme-palette-2-background-color has-text-color has-background has-link-color has-medium-font-size has-custom-font-size wp-element-button\" href=\"https:\/\/abramomakeoverstyle.com\/tr\/kas-biyik\/\">Sopracciglia<\/a><\/div>\n\n\n\n<div class=\"wp-block-button is-style-outline is-style-outline--16\"><a class=\"wp-block-button__link has-theme-palette-1-color has-theme-palette-2-background-color has-text-color has-background has-link-color has-medium-font-size has-custom-font-size wp-element-button\" href=\"https:\/\/abramomakeoverstyle.com\/tr\/makyaj\/\">Trucco<\/a><\/div>\n\n\n\n<div class=\"wp-block-button is-style-outline is-style-outline--17\"><a class=\"wp-block-button__link has-theme-palette-1-color has-theme-palette-2-background-color has-text-color has-background has-link-color has-medium-font-size has-custom-font-size wp-element-button\">Extension<\/a><\/div>\n\n\n\n<div class=\"wp-block-button is-style-outline is-style-outline--18\"><a class=\"wp-block-button__link has-theme-palette-1-color has-theme-palette-2-background-color has-text-color has-background has-link-color has-medium-font-size has-custom-font-size wp-element-button\">Sposa<\/a><\/div>\n\n\n\n<div class=\"wp-block-button is-style-outline is-style-outline--19\"><a class=\"wp-block-button__link has-theme-palette-1-color has-theme-palette-2-background-color has-text-color has-background has-link-color has-medium-font-size has-custom-font-size wp-element-button\" href=\"https:\/\/abramomakeoverstyle.com\/tr\/cilt-bakim\/\">Cilt bak\u0131m<\/a><\/div>\n<\/div>\n\n\n\n<p class=\"has-text-align-center has-theme-palette-1-color has-text-color has-link-color has-large-font-size wp-elements-92ccb58ddb996d45b84f4a8e1091f3d7\"><a href=\"https:\/\/wa.me\/905379775380\" title=\"\">\u00d6zel hizmet i\u00e7in WhatsAppa yaz\u0131n<\/a><\/p>\n\n\n\n<div class=\"wp-block-buttons alignwide is-content-justification-center is-layout-flex wp-container-core-buttons-is-layout-16018d1d wp-block-buttons-is-layout-flex\">\n<div class=\"wp-block-button is-style-outline is-style-outline--20\"><a class=\"wp-block-button__link has-theme-palette-1-color has-theme-palette-2-background-color has-text-color has-background has-link-color has-medium-font-size has-custom-font-size wp-element-button\" href=\"https:\/\/wa.me\/905379775380\">WhatsApp<\/a><\/div>\n<\/div>\n\n\n\n<p><\/p>","protected":false},"excerpt":{"rendered":"<p>\u00d6zel hizmet i\u00e7in WhatsAppa yaz\u0131n<\/p>","protected":false},"author":1,"featured_media":0,"parent":0,"menu_order":0,"comment_status":"closed","ping_status":"closed","template":"","meta":{"_kadence_starter_templates_imported_post":false,"_kad_post_transparent":"","_kad_post_title":"","_kad_post_layout":"","_kad_post_sidebar_id":"","_kad_post_content_style":"","_kad_post_vertical_padding":"","_kad_post_feature":"","_kad_post_feature_position":"","_kad_post_header":false,"_kad_post_footer":false,"_kad_post_classname":"","footnotes":""},"class_list":["post-269","page","type-page","status-publish","hentry"],"aioseo_notices":[],"_hostinger_reach_plugin_has_subscription_block":false,"_hostinger_reach_plugin_is_elementor":false,"_links":{"self":[{"href":"https:\/\/abramomakeoverstyle.com\/tr\/wp-json\/wp\/v2\/pages\/269","targetHints":{"allow":["GET"]}}],"collection":[{"href":"https:\/\/abramomakeoverstyle.com\/tr\/wp-json\/wp\/v2\/pages"}],"about":[{"href":"https:\/\/abramomakeoverstyle.com\/tr\/wp-json\/wp\/v2\/types\/page"}],"author":[{"embeddable":true,"href":"https:\/\/abramomakeoverstyle.com\/tr\/wp-json\/wp\/v2\/users\/1"}],"replies":[{"embeddable":true,"href":"https:\/\/abramomakeoverstyle.com\/tr\/wp-json\/wp\/v2\/comments?post=269"}],"version-history":[{"count":16,"href":"https:\/\/abramomakeoverstyle.com\/tr\/wp-json\/wp\/v2\/pages\/269\/revisions"}],"predecessor-version":[{"id":313,"href":"https:\/\/abramomakeoverstyle.com\/tr\/wp-json\/wp\/v2\/pages\/269\/revisions\/313"}],"wp:attachment":[{"href":"https:\/\/abramomakeoverstyle.com\/tr\/wp-json\/wp\/v2\/media?parent=269"}],"curies":[{"name":"wp","href":"https:\/\/api.w.org\/{rel}","templated":true}]}}