{"id":153,"date":"2026-01-05T21:27:14","date_gmt":"2026-01-05T21:27:14","guid":{"rendered":"https:\/\/abramomakeoverstyle.com\/?page_id=153"},"modified":"2026-01-05T21:27:15","modified_gmt":"2026-01-05T21:27:15","slug":"styling","status":"publish","type":"page","link":"https:\/\/abramomakeoverstyle.com\/tr\/styling\/","title":{"rendered":"\u015eekillendirme"},"content":{"rendered":"<h2 class=\"wp-block-heading has-text-align-center has-theme-palette-1-color has-text-color has-link-color has-xxlarge-font-size wp-elements-2df457b1d084fe45ff41aabffe41b423\"><em>\u015eekillendirme<\/em> &amp; Sa\u00e7 Modelleri<\/h2>\n\n\n<div class=\"wp-block-image is-style-rounded\">\n<figure class=\"aligncenter size-large\"><img loading=\"lazy\" decoding=\"async\" width=\"683\" height=\"1024\" src=\"https:\/\/abramomakeoverstyle.com\/wp-content\/uploads\/2026\/01\/WhatsApp-Image-2026-01-04-at-01.07.21-5-683x1024.jpeg\" alt=\"\" class=\"wp-image-154\" srcset=\"https:\/\/abramomakeoverstyle.com\/wp-content\/uploads\/2026\/01\/WhatsApp-Image-2026-01-04-at-01.07.21-5-683x1024.jpeg 683w, https:\/\/abramomakeoverstyle.com\/wp-content\/uploads\/2026\/01\/WhatsApp-Image-2026-01-04-at-01.07.21-5-200x300.jpeg 200w, https:\/\/abramomakeoverstyle.com\/wp-content\/uploads\/2026\/01\/WhatsApp-Image-2026-01-04-at-01.07.21-5-768x1152.jpeg 768w, https:\/\/abramomakeoverstyle.com\/wp-content\/uploads\/2026\/01\/WhatsApp-Image-2026-01-04-at-01.07.21-5.jpeg 1024w\" sizes=\"auto, (max-width: 683px) 100vw, 683px\" \/><\/figure>\n<\/div>\n\n\n<p class=\"has-theme-palette-9-color has-text-color has-link-color has-medium-font-size wp-elements-abecad1b54a416f7847ea89950879c86\">Etkinlikler, t\u00f6renler ve \u00f6zel g\u00fcnler i\u00e7in stil ve sa\u00e7 \u015fekillendirme.<\/p>\n\n\n\n<p class=\"has-text-align-right has-theme-palette-9-color has-text-color has-link-color has-medium-font-size wp-elements-39774d647eac747bd5968d858a4c2ef8\">G\u00f6steri\u015fli ve kusursuz bir g\u00f6r\u00fcn\u00fcm i\u00e7in \u015f\u0131kl\u0131k, hacim ve dayan\u0131kl\u0131l\u0131k.<\/p>\n\n\n\n<div class=\"wp-block-buttons is-content-justification-center is-layout-flex wp-container-core-buttons-is-layout-16018d1d wp-block-buttons-is-layout-flex\">\n<div class=\"wp-block-button is-style-outline is-style-outline--1\"><a class=\"wp-block-button__link has-theme-palette-7-color has-theme-palette-11-background-color has-text-color has-background has-link-color has-medium-font-size has-custom-font-size wp-element-button\" style=\"border-width:5px;border-top-left-radius:100px;border-top-right-radius:100px;border-bottom-left-radius:100px;border-bottom-right-radius:100px\">Tarz\u0131n\u0131 bulmu\u015fsun<\/a><\/div>\n<\/div>","protected":false},"excerpt":{"rendered":"<p>Styling &amp; Acconciature Styling e acconciature per eventi, cerimonie e occasioni speciali. Eleganza, volume e durata per un look curato e impeccabile.<\/p>","protected":false},"author":1,"featured_media":0,"parent":0,"menu_order":0,"comment_status":"closed","ping_status":"closed","template":"","meta":{"_kadence_starter_templates_imported_post":false,"_kad_post_transparent":"","_kad_post_title":"","_kad_post_layout":"","_kad_post_sidebar_id":"","_kad_post_content_style":"","_kad_post_vertical_padding":"","_kad_post_feature":"","_kad_post_feature_position":"","_kad_post_header":false,"_kad_post_footer":false,"_kad_post_classname":"","footnotes":""},"class_list":["post-153","page","type-page","status-publish","hentry"],"aioseo_notices":[],"_hostinger_reach_plugin_has_subscription_block":false,"_hostinger_reach_plugin_is_elementor":false,"_links":{"self":[{"href":"https:\/\/abramomakeoverstyle.com\/tr\/wp-json\/wp\/v2\/pages\/153","targetHints":{"allow":["GET"]}}],"collection":[{"href":"https:\/\/abramomakeoverstyle.com\/tr\/wp-json\/wp\/v2\/pages"}],"about":[{"href":"https:\/\/abramomakeoverstyle.com\/tr\/wp-json\/wp\/v2\/types\/page"}],"author":[{"embeddable":true,"href":"https:\/\/abramomakeoverstyle.com\/tr\/wp-json\/wp\/v2\/users\/1"}],"replies":[{"embeddable":true,"href":"https:\/\/abramomakeoverstyle.com\/tr\/wp-json\/wp\/v2\/comments?post=153"}],"version-history":[{"count":1,"href":"https:\/\/abramomakeoverstyle.com\/tr\/wp-json\/wp\/v2\/pages\/153\/revisions"}],"predecessor-version":[{"id":155,"href":"https:\/\/abramomakeoverstyle.com\/tr\/wp-json\/wp\/v2\/pages\/153\/revisions\/155"}],"wp:attachment":[{"href":"https:\/\/abramomakeoverstyle.com\/tr\/wp-json\/wp\/v2\/media?parent=153"}],"curies":[{"name":"wp","href":"https:\/\/api.w.org\/{rel}","templated":true}]}}