{"id":147,"date":"2026-01-05T21:18:59","date_gmt":"2026-01-05T21:18:59","guid":{"rendered":"https:\/\/abramomakeoverstyle.com\/?page_id=147"},"modified":"2026-01-05T21:18:59","modified_gmt":"2026-01-05T21:18:59","slug":"trattamenti-beauty","status":"publish","type":"page","link":"https:\/\/abramomakeoverstyle.com\/tr\/trattamenti-beauty\/","title":{"rendered":"Bak\u0131mlar &amp; G\u00fczellik"},"content":{"rendered":"<h2 class=\"wp-block-heading has-text-align-center has-theme-palette-1-color has-text-color has-link-color has-xxlarge-font-size wp-elements-a6b91e33458a737c142d0c5dbe9cb444\"><em>Bak\u0131mlar &amp; G\u00fczellik<\/em><\/h2>\n\n\n<div class=\"wp-block-image is-style-rounded\">\n<figure class=\"aligncenter size-large is-resized\"><img loading=\"lazy\" decoding=\"async\" width=\"683\" height=\"1024\" src=\"https:\/\/abramomakeoverstyle.com\/wp-content\/uploads\/2026\/01\/WhatsApp-Image-2026-01-04-at-01.07.22-5-683x1024.jpeg\" alt=\"\" class=\"wp-image-148\" style=\"width:598px;height:auto\" srcset=\"https:\/\/abramomakeoverstyle.com\/wp-content\/uploads\/2026\/01\/WhatsApp-Image-2026-01-04-at-01.07.22-5-683x1024.jpeg 683w, https:\/\/abramomakeoverstyle.com\/wp-content\/uploads\/2026\/01\/WhatsApp-Image-2026-01-04-at-01.07.22-5-200x300.jpeg 200w, https:\/\/abramomakeoverstyle.com\/wp-content\/uploads\/2026\/01\/WhatsApp-Image-2026-01-04-at-01.07.22-5-768x1152.jpeg 768w, https:\/\/abramomakeoverstyle.com\/wp-content\/uploads\/2026\/01\/WhatsApp-Image-2026-01-04-at-01.07.22-5.jpeg 1024w\" sizes=\"auto, (max-width: 683px) 100vw, 683px\" \/><\/figure>\n<\/div>\n\n\n<p class=\"has-theme-palette-9-color has-text-color has-link-color has-medium-font-size wp-elements-7e6f9b8310d04d638caf77d4dd7ad433\">Sa\u00e7\u0131 beslemek, onarmak ve g\u00fc\u00e7lendirmek i\u00e7in \u00f6zel bak\u0131mlar,<br>Sa\u011fl\u0131k, parlakl\u0131k ve yumu\u015fakl\u0131k verir.<\/p>\n\n\n\n<p class=\"has-text-align-right has-theme-palette-9-color has-text-color has-link-color has-medium-font-size wp-elements-c075120c172ee2c250a4c32ac83fccd8\">Her tedavi sa\u00e7\u0131n ger\u00e7ek ihtiya\u00e7lar\u0131na g\u00f6re se\u00e7ilir.<\/p>\n\n\n\n<div class=\"wp-block-buttons alignwide is-content-justification-center is-layout-flex wp-container-core-buttons-is-layout-16018d1d wp-block-buttons-is-layout-flex\">\n<div class=\"wp-block-button has-custom-width wp-block-button__width-25 is-style-outline is-style-outline--1\"><a class=\"wp-block-button__link has-theme-palette-7-color has-theme-palette-11-background-color has-text-color has-background has-link-color wp-element-button\" style=\"border-width:5px;border-top-left-radius:100px;border-top-right-radius:100px;border-bottom-left-radius:100px;border-bottom-right-radius:100px\">sana iyi bak<\/a><\/div>\n<\/div>","protected":false},"excerpt":{"rendered":"<p>Trattamenti &amp; Beauty Trattamenti specifici per nutrire, riparare e rinforzare il capello,donando salute, lucentezza e morbidezza. Ogni trattamento viene scelto in base alle reali esigenze del capello.<\/p>","protected":false},"author":1,"featured_media":0,"parent":0,"menu_order":0,"comment_status":"closed","ping_status":"closed","template":"","meta":{"_kadence_starter_templates_imported_post":false,"_kad_post_transparent":"","_kad_post_title":"","_kad_post_layout":"","_kad_post_sidebar_id":"","_kad_post_content_style":"","_kad_post_vertical_padding":"","_kad_post_feature":"","_kad_post_feature_position":"","_kad_post_header":false,"_kad_post_footer":false,"_kad_post_classname":"","footnotes":""},"class_list":["post-147","page","type-page","status-publish","hentry"],"aioseo_notices":[],"_hostinger_reach_plugin_has_subscription_block":false,"_hostinger_reach_plugin_is_elementor":false,"_links":{"self":[{"href":"https:\/\/abramomakeoverstyle.com\/tr\/wp-json\/wp\/v2\/pages\/147","targetHints":{"allow":["GET"]}}],"collection":[{"href":"https:\/\/abramomakeoverstyle.com\/tr\/wp-json\/wp\/v2\/pages"}],"about":[{"href":"https:\/\/abramomakeoverstyle.com\/tr\/wp-json\/wp\/v2\/types\/page"}],"author":[{"embeddable":true,"href":"https:\/\/abramomakeoverstyle.com\/tr\/wp-json\/wp\/v2\/users\/1"}],"replies":[{"embeddable":true,"href":"https:\/\/abramomakeoverstyle.com\/tr\/wp-json\/wp\/v2\/comments?post=147"}],"version-history":[{"count":1,"href":"https:\/\/abramomakeoverstyle.com\/tr\/wp-json\/wp\/v2\/pages\/147\/revisions"}],"predecessor-version":[{"id":149,"href":"https:\/\/abramomakeoverstyle.com\/tr\/wp-json\/wp\/v2\/pages\/147\/revisions\/149"}],"wp:attachment":[{"href":"https:\/\/abramomakeoverstyle.com\/tr\/wp-json\/wp\/v2\/media?parent=147"}],"curies":[{"name":"wp","href":"https:\/\/api.w.org\/{rel}","templated":true}]}}