{"id":143,"date":"2026-01-05T21:10:13","date_gmt":"2026-01-05T21:10:13","guid":{"rendered":"https:\/\/abramomakeoverstyle.com\/?page_id=143"},"modified":"2026-01-11T18:41:50","modified_gmt":"2026-01-11T18:41:50","slug":"colorazione","status":"publish","type":"page","link":"https:\/\/abramomakeoverstyle.com\/tr\/colorazione\/","title":{"rendered":"Boyama"},"content":{"rendered":"<p class=\"has-theme-palette-1-color has-text-color has-link-color has-larger-font-size wp-elements-5bc0276328fba29a39b1d5387b16ba9d\"><strong><em><a href=\"https:\/\/abramomakeoverstyle.com\/tr\/pronota-appuntamento\/\" title=\"\">Randevu Alin<\/a><\/em><\/strong><\/p>\n\n\n\n<h2 class=\"wp-block-heading has-text-align-center has-theme-palette-1-color has-text-color has-link-color has-xxlarge-font-size wp-elements-769bb2daf21a3cf2fe954a9d169ca86a\">Boyama<\/h2>\n\n\n<div class=\"wp-block-image is-style-rounded\">\n<figure class=\"aligncenter size-full is-resized has-custom-border\"><img loading=\"lazy\" decoding=\"async\" width=\"815\" height=\"460\" src=\"https:\/\/abramomakeoverstyle.com\/wp-content\/uploads\/2026\/01\/cosa-rappresentano-i-numeri-esposti-sulle-colorazioni.png\" alt=\"\" class=\"wp-image-144\" style=\"border-top-left-radius:100px;border-top-right-radius:100px;border-bottom-left-radius:100px;border-bottom-right-radius:100px;aspect-ratio:1.760508897103069;width:954px;height:auto\" srcset=\"https:\/\/abramomakeoverstyle.com\/wp-content\/uploads\/2026\/01\/cosa-rappresentano-i-numeri-esposti-sulle-colorazioni.png 815w, https:\/\/abramomakeoverstyle.com\/wp-content\/uploads\/2026\/01\/cosa-rappresentano-i-numeri-esposti-sulle-colorazioni-300x169.png 300w, https:\/\/abramomakeoverstyle.com\/wp-content\/uploads\/2026\/01\/cosa-rappresentano-i-numeri-esposti-sulle-colorazioni-768x433.png 768w\" sizes=\"auto, (max-width: 815px) 100vw, 815px\" \/><\/figure>\n<\/div>\n\n\n<p class=\"has-theme-palette-9-color has-text-color has-link-color wp-elements-c3368e087318b9c0941bd4c860cacffe\"><strong><em>Ayd\u0131nlatmak i\u00e7in tasarlanm\u0131\u015f profesyonel renklendirme hizmetleri,<br>Sa\u00e7\u0131n yap\u0131s\u0131na sayg\u0131 g\u00f6stererek sa\u00e7\u0131 kaplar ve g\u00fc\u00e7lendirir.<\/em><\/strong><\/p>\n\n\n\n<p class=\"has-text-align-right has-theme-palette-9-color has-text-color has-link-color wp-elements-d3a4f97e4f244d43546bd3659332e469\"><strong><em>Sonu\u00e7lar i\u00e7in modern teknikler ve kaliteli \u00fcr\u00fcnler kullan\u0131yoruz<br>do\u011fal, parlak ve uzun \u00f6m\u00fcrl\u00fcd\u00fcr.<\/em><\/strong><\/p>\n\n\n\n<div class=\"wp-block-buttons alignwide is-content-justification-center is-layout-flex wp-container-core-buttons-is-layout-16018d1d wp-block-buttons-is-layout-flex\">\n<div class=\"wp-block-button has-custom-width wp-block-button__width-25 is-style-outline is-style-outline--1\"><a class=\"wp-block-button__link has-theme-palette-7-color has-theme-palette-11-background-color has-text-color has-background has-link-color has-medium-font-size has-custom-font-size wp-element-button\" style=\"border-width:4px;border-top-left-radius:100px;border-top-right-radius:100px;border-bottom-left-radius:100px;border-bottom-right-radius:100px\">en sevdi\u011finiz rengi al\u0131n<\/a><\/div>\n<\/div>","protected":false},"excerpt":{"rendered":"<p>Pronota ora Colorazione Servizi di colorazione professionale pensati per illuminare,coprire e valorizzare il capello nel rispetto della sua struttura. Utilizziamo tecniche moderne e prodotti di qualit\u00e0 per risultatinaturali, brillanti e duraturi.<\/p>","protected":false},"author":1,"featured_media":0,"parent":0,"menu_order":0,"comment_status":"closed","ping_status":"closed","template":"","meta":{"_kadence_starter_templates_imported_post":false,"_kad_post_transparent":"","_kad_post_title":"","_kad_post_layout":"","_kad_post_sidebar_id":"","_kad_post_content_style":"","_kad_post_vertical_padding":"","_kad_post_feature":"","_kad_post_feature_position":"","_kad_post_header":false,"_kad_post_footer":false,"_kad_post_classname":"","footnotes":""},"class_list":["post-143","page","type-page","status-publish","hentry"],"aioseo_notices":[],"_hostinger_reach_plugin_has_subscription_block":false,"_hostinger_reach_plugin_is_elementor":false,"_links":{"self":[{"href":"https:\/\/abramomakeoverstyle.com\/tr\/wp-json\/wp\/v2\/pages\/143","targetHints":{"allow":["GET"]}}],"collection":[{"href":"https:\/\/abramomakeoverstyle.com\/tr\/wp-json\/wp\/v2\/pages"}],"about":[{"href":"https:\/\/abramomakeoverstyle.com\/tr\/wp-json\/wp\/v2\/types\/page"}],"author":[{"embeddable":true,"href":"https:\/\/abramomakeoverstyle.com\/tr\/wp-json\/wp\/v2\/users\/1"}],"replies":[{"embeddable":true,"href":"https:\/\/abramomakeoverstyle.com\/tr\/wp-json\/wp\/v2\/comments?post=143"}],"version-history":[{"count":2,"href":"https:\/\/abramomakeoverstyle.com\/tr\/wp-json\/wp\/v2\/pages\/143\/revisions"}],"predecessor-version":[{"id":298,"href":"https:\/\/abramomakeoverstyle.com\/tr\/wp-json\/wp\/v2\/pages\/143\/revisions\/298"}],"wp:attachment":[{"href":"https:\/\/abramomakeoverstyle.com\/tr\/wp-json\/wp\/v2\/media?parent=143"}],"curies":[{"name":"wp","href":"https:\/\/api.w.org\/{rel}","templated":true}]}}