{"id":131,"date":"2026-01-05T20:48:44","date_gmt":"2026-01-05T20:48:44","guid":{"rendered":"https:\/\/abramomakeoverstyle.com\/?page_id=131"},"modified":"2026-01-05T20:56:37","modified_gmt":"2026-01-05T20:56:37","slug":"taglio-donna","status":"publish","type":"page","link":"https:\/\/abramomakeoverstyle.com\/tr\/taglio-donna\/","title":{"rendered":"Kad\u0131n kesimi"},"content":{"rendered":"<p class=\"has-theme-palette-9-color has-text-color has-link-color wp-elements-30aecaa3a3de15b50d228472cf6cd938\">Kad\u0131n Kesimi hizmeti, \u00f6zellikleri geli\u015ftirmek i\u00e7in tasarlanm\u0131\u015ft\u0131r,<br>her m\u00fc\u015fterinin ki\u015fisel tarz\u0131 ve do\u011fal g\u00fczelli\u011fi.<\/p>\n\n\n\n<p class=\"has-theme-palette-9-color has-text-color has-link-color wp-elements-2224d8624d23a7d6981849d8945f6b7e\">Her kesim, a\u015fa\u011f\u0131dakileri elde etmek i\u00e7in ki\u015fiselle\u015ftirilmi\u015f bir kons\u00fcltasyonun sonucudur<br>Uyumlu, modern ve y\u00f6netimi kolay bir sonu\u00e7.<\/p>\n\n\n\n<div class=\"wp-block-columns is-layout-flex wp-container-core-columns-is-layout-9d6595d7 wp-block-columns-is-layout-flex\">\n<div class=\"wp-block-column is-layout-flow wp-block-column-is-layout-flow\" style=\"flex-basis:25%\">\n<figure class=\"wp-block-image size-large\"><img loading=\"lazy\" decoding=\"async\" width=\"823\" height=\"1024\" src=\"https:\/\/abramomakeoverstyle.com\/wp-content\/uploads\/2026\/01\/tagli-capelli-primavera-2025-caschetto-medio-1-823x1024.jpg\" alt=\"\" class=\"wp-image-133\" srcset=\"https:\/\/abramomakeoverstyle.com\/wp-content\/uploads\/2026\/01\/tagli-capelli-primavera-2025-caschetto-medio-1-823x1024.jpg 823w, https:\/\/abramomakeoverstyle.com\/wp-content\/uploads\/2026\/01\/tagli-capelli-primavera-2025-caschetto-medio-1-241x300.jpg 241w, https:\/\/abramomakeoverstyle.com\/wp-content\/uploads\/2026\/01\/tagli-capelli-primavera-2025-caschetto-medio-1-768x956.jpg 768w, https:\/\/abramomakeoverstyle.com\/wp-content\/uploads\/2026\/01\/tagli-capelli-primavera-2025-caschetto-medio-1.jpg 1080w\" sizes=\"auto, (max-width: 823px) 100vw, 823px\" \/><\/figure>\n<\/div>\n\n\n\n<div class=\"wp-block-column is-layout-flow wp-block-column-is-layout-flow\" style=\"flex-basis:50%\">\n<div class=\"wp-block-columns is-layout-flex wp-container-core-columns-is-layout-9d6595d7 wp-block-columns-is-layout-flex\">\n<div class=\"wp-block-column is-layout-flow wp-block-column-is-layout-flow\">\n<figure class=\"wp-block-image size-full\"><img loading=\"lazy\" decoding=\"async\" width=\"183\" height=\"275\" src=\"https:\/\/abramomakeoverstyle.com\/wp-content\/uploads\/2026\/01\/images-1-1.jpg\" alt=\"\" class=\"wp-image-135\"\/><\/figure>\n<\/div>\n\n\n\n<div class=\"wp-block-column is-layout-flow wp-block-column-is-layout-flow\">\n<figure class=\"wp-block-image size-full\"><img loading=\"lazy\" decoding=\"async\" width=\"225\" height=\"225\" src=\"https:\/\/abramomakeoverstyle.com\/wp-content\/uploads\/2026\/01\/images-3.jpg\" alt=\"\" class=\"wp-image-136\" srcset=\"https:\/\/abramomakeoverstyle.com\/wp-content\/uploads\/2026\/01\/images-3.jpg 225w, https:\/\/abramomakeoverstyle.com\/wp-content\/uploads\/2026\/01\/images-3-150x150.jpg 150w\" sizes=\"auto, (max-width: 225px) 100vw, 225px\" \/><\/figure>\n<\/div>\n\n\n\n<div class=\"wp-block-column is-layout-flow wp-block-column-is-layout-flow\">\n<figure class=\"wp-block-image size-full\"><img loading=\"lazy\" decoding=\"async\" width=\"830\" height=\"625\" src=\"https:\/\/abramomakeoverstyle.com\/wp-content\/uploads\/2026\/01\/tendenze-capelli-primavera-estate-2023-Compagnia-della-Bellezza-830x625-3.jpg\" alt=\"\" class=\"wp-image-137\" srcset=\"https:\/\/abramomakeoverstyle.com\/wp-content\/uploads\/2026\/01\/tendenze-capelli-primavera-estate-2023-Compagnia-della-Bellezza-830x625-3.jpg 830w, https:\/\/abramomakeoverstyle.com\/wp-content\/uploads\/2026\/01\/tendenze-capelli-primavera-estate-2023-Compagnia-della-Bellezza-830x625-3-300x226.jpg 300w, https:\/\/abramomakeoverstyle.com\/wp-content\/uploads\/2026\/01\/tendenze-capelli-primavera-estate-2023-Compagnia-della-Bellezza-830x625-3-768x578.jpg 768w\" sizes=\"auto, (max-width: 830px) 100vw, 830px\" \/><\/figure>\n<\/div>\n<\/div>\n<\/div>\n\n\n\n<div class=\"wp-block-column is-layout-flow wp-block-column-is-layout-flow\" style=\"flex-basis:25%\">\n<figure class=\"wp-block-image size-large\"><img loading=\"lazy\" decoding=\"async\" width=\"683\" height=\"1024\" src=\"https:\/\/abramomakeoverstyle.com\/wp-content\/uploads\/2026\/01\/WhatsApp-Image-2026-01-04-at-01.07.22-1-3-683x1024.jpeg\" alt=\"\" class=\"wp-image-138\" srcset=\"https:\/\/abramomakeoverstyle.com\/wp-content\/uploads\/2026\/01\/WhatsApp-Image-2026-01-04-at-01.07.22-1-3-683x1024.jpeg 683w, https:\/\/abramomakeoverstyle.com\/wp-content\/uploads\/2026\/01\/WhatsApp-Image-2026-01-04-at-01.07.22-1-3-200x300.jpeg 200w, https:\/\/abramomakeoverstyle.com\/wp-content\/uploads\/2026\/01\/WhatsApp-Image-2026-01-04-at-01.07.22-1-3-768x1152.jpeg 768w, https:\/\/abramomakeoverstyle.com\/wp-content\/uploads\/2026\/01\/WhatsApp-Image-2026-01-04-at-01.07.22-1-3.jpeg 1024w\" sizes=\"auto, (max-width: 683px) 100vw, 683px\" \/><\/figure>\n<\/div>\n<\/div>\n\n\n\n<div class=\"wp-block-buttons is-content-justification-center is-layout-flex wp-container-core-buttons-is-layout-16018d1d wp-block-buttons-is-layout-flex\">\n<div class=\"wp-block-button has-custom-width wp-block-button__width-25\"><a class=\"wp-block-button__link has-theme-palette-7-color has-theme-palette-11-background-color has-text-color has-background has-link-color has-medium-font-size has-text-align-center has-custom-font-size wp-element-button\" style=\"border-style:none;border-width:0px;border-top-left-radius:100px;border-top-right-radius:100px;border-bottom-left-radius:100px;border-bottom-right-radius:100px;padding-top:var(--wp--preset--spacing--30);padding-right:var(--wp--preset--spacing--50);padding-bottom:var(--wp--preset--spacing--30);padding-left:var(--wp--preset--spacing--50)\"><em><strong>kesiminizi ay\u0131rt\u0131n<\/strong><\/em><\/a><\/div>\n<\/div>\n\n\n\n<p class=\"has-small-font-size\"><\/p>","protected":false},"excerpt":{"rendered":"<p>Il servizio Taglio Donna \u00e8 studiato per valorizzare i lineamenti,lo stile personale e la naturale bellezza di ogni cliente. Ogni taglio nasce da una consulenza personalizzata, per ottenereun risultato armonioso, moderno e facile da gestire.<\/p>","protected":false},"author":1,"featured_media":0,"parent":0,"menu_order":0,"comment_status":"closed","ping_status":"closed","template":"","meta":{"_kadence_starter_templates_imported_post":false,"_kad_post_transparent":"","_kad_post_title":"","_kad_post_layout":"","_kad_post_sidebar_id":"","_kad_post_content_style":"","_kad_post_vertical_padding":"","_kad_post_feature":"","_kad_post_feature_position":"","_kad_post_header":false,"_kad_post_footer":false,"_kad_post_classname":"","footnotes":""},"class_list":["post-131","page","type-page","status-publish","hentry"],"aioseo_notices":[],"_hostinger_reach_plugin_has_subscription_block":false,"_hostinger_reach_plugin_is_elementor":false,"_links":{"self":[{"href":"https:\/\/abramomakeoverstyle.com\/tr\/wp-json\/wp\/v2\/pages\/131","targetHints":{"allow":["GET"]}}],"collection":[{"href":"https:\/\/abramomakeoverstyle.com\/tr\/wp-json\/wp\/v2\/pages"}],"about":[{"href":"https:\/\/abramomakeoverstyle.com\/tr\/wp-json\/wp\/v2\/types\/page"}],"author":[{"embeddable":true,"href":"https:\/\/abramomakeoverstyle.com\/tr\/wp-json\/wp\/v2\/users\/1"}],"replies":[{"embeddable":true,"href":"https:\/\/abramomakeoverstyle.com\/tr\/wp-json\/wp\/v2\/comments?post=131"}],"version-history":[{"count":2,"href":"https:\/\/abramomakeoverstyle.com\/tr\/wp-json\/wp\/v2\/pages\/131\/revisions"}],"predecessor-version":[{"id":142,"href":"https:\/\/abramomakeoverstyle.com\/tr\/wp-json\/wp\/v2\/pages\/131\/revisions\/142"}],"wp:attachment":[{"href":"https:\/\/abramomakeoverstyle.com\/tr\/wp-json\/wp\/v2\/media?parent=131"}],"curies":[{"name":"wp","href":"https:\/\/api.w.org\/{rel}","templated":true}]}}