{"id":10,"date":"2026-01-02T21:52:38","date_gmt":"2026-01-02T21:52:38","guid":{"rendered":"https:\/\/abramomakeoverstyle.com\/?page_id=10"},"modified":"2026-01-11T19:01:50","modified_gmt":"2026-01-11T19:01:50","slug":"chi-siamo","status":"publish","type":"page","link":"https:\/\/abramomakeoverstyle.com\/tr\/chi-siamo\/","title":{"rendered":"Hakk\u0131m\u0131zda"},"content":{"rendered":"<p class=\"has-text-align-left has-theme-palette-1-color has-text-color has-link-color has-large-font-size wp-elements-d18c6559544aa873e7e6696bc1d801a4\"><strong><em><a href=\"https:\/\/abramomakeoverstyle.com\/tr\/pronota-appuntamento\/\" title=\"\">Randevu Al\u0131n <\/a><\/em><\/strong><\/p>\n\n\n\n<h2 class=\"wp-block-heading has-text-align-center has-theme-palette-1-color has-text-color has-link-color has-xxlarge-font-size wp-elements-fab80c8b4d9ebc96401cabfb669708fa\">Hakk\u0131m\u0131zda<\/h2>\n\n\n<div class=\"wp-block-image\">\n<figure class=\"aligncenter size-large is-resized has-custom-border\"><img loading=\"lazy\" decoding=\"async\" width=\"1024\" height=\"683\" src=\"https:\/\/abramomakeoverstyle.com\/wp-content\/uploads\/2026\/01\/WhatsApp-Image-2026-01-03-at-23.40.36-1-1-1024x683.jpeg\" alt=\"\" class=\"wp-image-125\" style=\"border-style:none;border-width:0px;border-top-left-radius:100px;border-top-right-radius:100px;border-bottom-left-radius:100px;border-bottom-right-radius:100px;aspect-ratio:1.49932309141209;width:918px;height:auto\" srcset=\"https:\/\/abramomakeoverstyle.com\/wp-content\/uploads\/2026\/01\/WhatsApp-Image-2026-01-03-at-23.40.36-1-1-1024x683.jpeg 1024w, https:\/\/abramomakeoverstyle.com\/wp-content\/uploads\/2026\/01\/WhatsApp-Image-2026-01-03-at-23.40.36-1-1-300x200.jpeg 300w, https:\/\/abramomakeoverstyle.com\/wp-content\/uploads\/2026\/01\/WhatsApp-Image-2026-01-03-at-23.40.36-1-1-768x512.jpeg 768w, https:\/\/abramomakeoverstyle.com\/wp-content\/uploads\/2026\/01\/WhatsApp-Image-2026-01-03-at-23.40.36-1-1.jpeg 1536w\" sizes=\"auto, (max-width: 1024px) 100vw, 1024px\" \/><\/figure>\n<\/div>\n\n\n<div class=\"wp-block-media-text is-stacked-on-mobile\" style=\"border-top-left-radius:0px;border-top-right-radius:0px;border-bottom-left-radius:0px;border-bottom-right-radius:0px;grid-template-columns:54% auto\"><figure class=\"wp-block-media-text__media\"><img loading=\"lazy\" decoding=\"async\" width=\"1024\" height=\"683\" src=\"https:\/\/abramomakeoverstyle.com\/wp-content\/uploads\/2026\/01\/WhatsApp-Image-2026-01-03-at-23.40.36-1-1024x683.jpeg\" alt=\"\" class=\"wp-image-123 size-full\" srcset=\"https:\/\/abramomakeoverstyle.com\/wp-content\/uploads\/2026\/01\/WhatsApp-Image-2026-01-03-at-23.40.36-1-1024x683.jpeg 1024w, https:\/\/abramomakeoverstyle.com\/wp-content\/uploads\/2026\/01\/WhatsApp-Image-2026-01-03-at-23.40.36-1-300x200.jpeg 300w, https:\/\/abramomakeoverstyle.com\/wp-content\/uploads\/2026\/01\/WhatsApp-Image-2026-01-03-at-23.40.36-1-768x512.jpeg 768w, https:\/\/abramomakeoverstyle.com\/wp-content\/uploads\/2026\/01\/WhatsApp-Image-2026-01-03-at-23.40.36-1.jpeg 1536w\" sizes=\"auto, (max-width: 1024px) 100vw, 1024px\" \/><\/figure><div class=\"wp-block-media-text__content\">\n<p class=\"has-theme-palette-10-color has-text-color has-link-color has-medium-font-size wp-elements-7e41cb4417a67b644ec2fa875748690c\">Abramo Hair Stylist, sa\u00e7 bak\u0131m\u0131, stili ve bak\u0131m\u0131na adanm\u0131\u015f bir g\u00fczellik salonudur.<br>kad\u0131nlar\u0131n g\u00fc\u00e7lendirilmesi.<\/p>\n\n\n\n<p class=\"has-theme-palette-10-color has-text-color has-link-color has-medium-font-size wp-elements-8f8ed51d33b6d77ef85734d77930550b\">Her bir hizmet, deneyim, tutku ve m\u00fc\u015fterinin ihtiya\u00e7lar\u0131na g\u00f6sterilen \u00f6zenin birle\u015fiminden do\u011far.<br>zarif, modern ve \u00f6zelle\u015ftirilmi\u015f sonu\u00e7lar sunmak i\u00e7in detaylar.<\/p>\n\n\n\n<p class=\"has-theme-palette-10-color has-text-color has-link-color has-medium-font-size wp-elements-64e4a05dc96e15638a28b4ed933f3a18\">Amac\u0131m\u0131z her m\u00fc\u015fterimizin kendini e\u015fsiz hissetmesini, dinlendi\u011fini ve<br>profesyonel, rahat ve zarif bir ortamda tamamen memnun kalacaks\u0131n\u0131z.<\/p>\n<\/div><\/div>\n\n\n<div class=\"wp-block-image\">\n<figure class=\"aligncenter size-large has-custom-border\"><img loading=\"lazy\" decoding=\"async\" width=\"683\" height=\"1024\" src=\"https:\/\/abramomakeoverstyle.com\/wp-content\/uploads\/2026\/01\/WhatsApp-Image-2026-01-03-at-23.40.37-683x1024.jpeg\" alt=\"\" class=\"wp-image-124\" style=\"border-top-left-radius:100px;border-top-right-radius:100px;border-bottom-left-radius:100px;border-bottom-right-radius:100px\" srcset=\"https:\/\/abramomakeoverstyle.com\/wp-content\/uploads\/2026\/01\/WhatsApp-Image-2026-01-03-at-23.40.37-683x1024.jpeg 683w, https:\/\/abramomakeoverstyle.com\/wp-content\/uploads\/2026\/01\/WhatsApp-Image-2026-01-03-at-23.40.37-200x300.jpeg 200w, https:\/\/abramomakeoverstyle.com\/wp-content\/uploads\/2026\/01\/WhatsApp-Image-2026-01-03-at-23.40.37-768x1152.jpeg 768w, https:\/\/abramomakeoverstyle.com\/wp-content\/uploads\/2026\/01\/WhatsApp-Image-2026-01-03-at-23.40.37.jpeg 1024w\" sizes=\"auto, (max-width: 683px) 100vw, 683px\" \/><\/figure>\n<\/div>\n\n\n<h2 class=\"wp-block-heading has-text-align-center has-theme-palette-1-color has-text-color has-link-color has-larger-font-size wp-elements-8c4b70946847d1da2f0abb22e6f7c3f2\"><em>Neden Abramo Sa\u00e7 Stilistini Se\u00e7melisiniz<\/em><\/h2>\n\n\n\n<p class=\"has-text-align-left has-theme-palette-9-color has-text-color has-link-color has-large-font-size wp-elements-61234cbbe5fe31ea426682defca66e51\">\u2605Profesyonellik ve deneyim<\/p>\n\n\n\n<p class=\"has-text-align-center has-theme-palette-9-color has-text-color has-link-color has-large-font-size wp-elements-81a7d393bb12159f7d4a1fb0adc52aaf\">\u2605Y\u00fcksek kaliteli \u00fcr\u00fcnler<\/p>\n\n\n\n<p class=\"has-text-align-right has-theme-palette-9-color has-text-color has-link-color has-large-font-size wp-elements-6c4a6b49b45d74b7f2134680bd2765df\">\u2605 \u00d6zel tedaviler<\/p>\n\n\n\n<p class=\"has-theme-palette-9-color has-text-color has-link-color has-large-font-size wp-elements-43e7635bf294c8e9e05fab79a3bbd160\">\u2605Elegant ve rahatlat\u0131c\u0131 ambiyans<\/p>\n\n\n\n<p class=\"has-text-align-center has-theme-palette-9-color has-text-color has-link-color has-large-font-size wp-elements-85092d1231bdaec3f864eabd0471c381\">\u2605Ger\u00e7ek m\u00fc\u015fteri hizmetleri<\/p>\n\n\n\n<div class=\"wp-block-buttons alignfull is-content-justification-center is-layout-flex wp-container-core-buttons-is-layout-1f8da230 wp-block-buttons-is-layout-flex\" style=\"border-style:none;border-width:0px;border-top-left-radius:100px;border-top-right-radius:100px;border-bottom-left-radius:100px;border-bottom-right-radius:100px;margin-top:0;margin-bottom:0;padding-top:0;padding-right:0;padding-bottom:0;padding-left:0\">\n<div class=\"wp-block-button has-custom-width wp-block-button__width-25 is-style-outline is-style-outline--1\"><a class=\"wp-block-button__link has-theme-palette-7-color has-theme-palette-11-background-color has-text-color has-background has-link-color has-large-font-size has-text-align-center has-custom-font-size wp-element-button\" href=\"https:\/\/wa.me\/905379775380\" style=\"border-width:7px;border-top-left-radius:100px;border-top-right-radius:100px;border-bottom-left-radius:100px;border-bottom-right-radius:100px;padding-top:var(--wp--preset--spacing--20);padding-right:var(--wp--preset--spacing--20);padding-bottom:var(--wp--preset--spacing--20);padding-left:var(--wp--preset--spacing--20)\"><strong><em>WhatsApp<\/em><\/strong><\/a><\/div>\n<\/div>\n\n\n\n<p style=\"border-top-left-radius:0px;border-top-right-radius:0px;border-bottom-left-radius:0px;border-bottom-right-radius:0px\"><\/p>","protected":false},"excerpt":{"rendered":"<p>prenota ora Chi Siamo Abramo Hair Stylist \u00e8 un salone di bellezza dedicato alla cura, allo stile ealla valorizzazione della donna. Ogni servizio nasce dall\u2019unione tra esperienza, passione e attenzione aidettagli, per offrire risultati eleganti, moderni e personalizzati. Il nostro obiettivo \u00e8 far sentire ogni cliente unica, ascoltata ecompletamente soddisfatta, in un ambiente professionale, accogliente&#8230;<\/p>","protected":false},"author":1,"featured_media":0,"parent":0,"menu_order":0,"comment_status":"closed","ping_status":"closed","template":"","meta":{"_kadence_starter_templates_imported_post":false,"_kad_post_transparent":"","_kad_post_title":"","_kad_post_layout":"","_kad_post_sidebar_id":"","_kad_post_content_style":"","_kad_post_vertical_padding":"","_kad_post_feature":"","_kad_post_feature_position":"","_kad_post_header":false,"_kad_post_footer":false,"_kad_post_classname":"","footnotes":""},"class_list":["post-10","page","type-page","status-publish","hentry"],"aioseo_notices":[],"_hostinger_reach_plugin_has_subscription_block":false,"_hostinger_reach_plugin_is_elementor":false,"_links":{"self":[{"href":"https:\/\/abramomakeoverstyle.com\/tr\/wp-json\/wp\/v2\/pages\/10","targetHints":{"allow":["GET"]}}],"collection":[{"href":"https:\/\/abramomakeoverstyle.com\/tr\/wp-json\/wp\/v2\/pages"}],"about":[{"href":"https:\/\/abramomakeoverstyle.com\/tr\/wp-json\/wp\/v2\/types\/page"}],"author":[{"embeddable":true,"href":"https:\/\/abramomakeoverstyle.com\/tr\/wp-json\/wp\/v2\/users\/1"}],"replies":[{"embeddable":true,"href":"https:\/\/abramomakeoverstyle.com\/tr\/wp-json\/wp\/v2\/comments?post=10"}],"version-history":[{"count":11,"href":"https:\/\/abramomakeoverstyle.com\/tr\/wp-json\/wp\/v2\/pages\/10\/revisions"}],"predecessor-version":[{"id":361,"href":"https:\/\/abramomakeoverstyle.com\/tr\/wp-json\/wp\/v2\/pages\/10\/revisions\/361"}],"wp:attachment":[{"href":"https:\/\/abramomakeoverstyle.com\/tr\/wp-json\/wp\/v2\/media?parent=10"}],"curies":[{"name":"wp","href":"https:\/\/api.w.org\/{rel}","templated":true}]}}